{"id":74,"date":"2023-12-27T04:54:12","date_gmt":"2023-12-27T04:54:12","guid":{"rendered":"https:\/\/helje.online\/?page_id=74"},"modified":"2024-02-18T18:16:18","modified_gmt":"2024-02-18T18:16:18","slug":"het-eerste-volkslied","status":"publish","type":"page","link":"https:\/\/helje.online\/index.php\/het-eerste-volkslied\/","title":{"rendered":"&#8216;t \u00c8rste volksleed"},"content":{"rendered":"<p><img loading=\"lazy\" decoding=\"async\" class=\"aligncenter wp-image-113 size-full\" src=\"https:\/\/helje.online\/wp-content\/uploads\/2023\/12\/Heldje-W-Kranen.jpg\" alt=\"\" width=\"1200\" height=\"500\" srcset=\"https:\/\/helje.online\/wp-content\/uploads\/2023\/12\/Heldje-W-Kranen.jpg 1200w, https:\/\/helje.online\/wp-content\/uploads\/2023\/12\/Heldje-W-Kranen-300x125.jpg 300w, https:\/\/helje.online\/wp-content\/uploads\/2023\/12\/Heldje-W-Kranen-1024x427.jpg 1024w, https:\/\/helje.online\/wp-content\/uploads\/2023\/12\/Heldje-W-Kranen-768x320.jpg 768w\" sizes=\"auto, (max-width: 1200px) 100vw, 1200px\" \/><\/p>\n<p style=\"text-align: justify;\"><strong>As me in D\u00f6rp \u00f3vver ut volkslied sjprikt, kumpt me al d\u00f6k oet bej \u2018Sjoe\u00ebn Helje D\u00f6rp\u2019 van De Bretelboys. Iddere echte D\u00f6rper k\u00e8nt d\u00e8t liedje, m\u00e8r auch wiet boete Helje is d\u00e8t nummer bek\u00e8nd. Eigenlik is ut un parodie op \u2018Mooi Volendam\u2019 oet 1981.<\/strong><\/p>\n<p style=\"text-align: justify;\">Ut volkslied \u2018Heldje oos d\u00f6rp\u2019 woort in 1947 gesjreve dor Sief Frencken. Sief gebroekde ut woord \u2018Heldje\u2019. Ziene zwaoger, Will Kranen, componeerde ut sjtuk. D\u00e8t d\u00e8t lied \u00f3ngevier tachtig jaor geleje gemakt woort, is te zeen as me de tekst bekiekt. Weurd as \u2018Kowberg\u2019 en \u2018beus\u2019 waere anno 2024 neet mier gebroekt. Of misjien hej en dao nag dor unne aoje mins. Auch v\u00e8lt op d\u00e8t de tekst dudelik optimisme oetsjtraolt en gelouf in de toekomst. Kort nao de oorlog, woe de tekst auch nag nao verwiest, woort alles op alles gezat um D\u00f6rp w\u00e8r op te bouwe.<br \/>\nVeul minse oet D\u00f6rp lierde vreuger op sjoe\u00ebl d\u00e8t D\u00f6rper volkslied. Oe\u00ebts woort ut auch gezonge bej de installatie van burgemister Hoeijmakers in 1964, en bej de eupening van ut sjwumbad in de D\u00f6rper b\u00f6s. Bej vereiniginge wie Jong Nederland woort d\u00e8t leed auch gezonge. Neet allein in D\u00f6rp woort d\u00e8t lied gezonge, auch veul doezjende kilomaeters van oos d\u00f6rp aaf.<\/p>\n<p style=\"text-align: justify;\"><strong><img loading=\"lazy\" decoding=\"async\" class=\"size-medium wp-image-112 alignright\" src=\"https:\/\/helje.online\/wp-content\/uploads\/2023\/12\/Padre-Pierre-Hermans-214x300.jpg\" alt=\"\" width=\"214\" height=\"300\" srcset=\"https:\/\/helje.online\/wp-content\/uploads\/2023\/12\/Padre-Pierre-Hermans-214x300.jpg 214w, https:\/\/helje.online\/wp-content\/uploads\/2023\/12\/Padre-Pierre-Hermans-730x1024.jpg 730w, https:\/\/helje.online\/wp-content\/uploads\/2023\/12\/Padre-Pierre-Hermans-768x1077.jpg 768w, https:\/\/helje.online\/wp-content\/uploads\/2023\/12\/Padre-Pierre-Hermans.jpg 856w\" sizes=\"auto, (max-width: 214px) 100vw, 214px\" \/>D\u00d6RPER VOLKSLIED IN BRAZILI\u00cb<\/strong><br \/>\nOp 19 juli 1985 klonk in ut d\u00f6rpke Mocajuba, gelaege aan de oevers van de rivier de Tocantins in ut Braziliaanse Amazonegebied, ut \u2018D\u00f6rper volkslied\u2019 van Sief Frencken en Will Kranen. D\u00e8t hej te make m\u00e8t twie\u00eb D\u00f6rper missionarisse.<\/p>\n<p style=\"text-align: justify;\">In mie\u00ebrt 1985 waas Gerrit Frencken door de Paters Lazaristen van Noord- en Noordoost Brazili\u00eb gekoze as Provinciale Euverste. Frencken, zoon van de tekstsjriever van ut D\u00f6rper volkslied, zoe dees taak op zich neme op 19 juli van d\u00e8t jaor, umd\u00e8t dae daag de geboortedaag van Sint Vincentius is, de oprichter van de congregatie van de Lazaristen. D\u00e8t zoe gebeure in ut d\u00f6rp Mocajuba, woe de odste Nederlandse Lazarist aan ut werk waas: de in Helje-D\u00f6rp gebore en getoge Pierre Hermans. Ein van de sterke punte van Pierre waas det hae veul wis van meziek. Jaore geleje hej hae in d\u00e8t Braziliaanse d\u00f6rp un echte fanfaar opgericht. Die speulde b\u00e8j veul gelegenhede, \u00f3nger angere bej precessies. \u2018Padre\u2019 Pierre sjreef un partituur van \u2018Heldje\u2019 veur un paar insjtrumente en nao d\u00f6k en lang oefene heje die jonges de versjillende parteje van dees mesjien neet erg Braziliaans klinkende meziek prima onger de kneen; klaor veur de oetveuring.<br \/>\nNau oetlek woe d\u00e8t lied vanaaf kwaam, weerklonk op dees maneer onger langdurig applaus \u2018Heldje oos d\u00f6rp\u2019 \u00f3vver de watere van de groe\u00ebte rivier de Tocantins in het Braziliaanse Amazonegebied.<\/p>\n<p style=\"text-align: justify;\"><strong>EIN OPNAME OEHT 1958 GEVONGE<\/strong><br \/>\nD\u2019r is lang gezoocht nao un opname van ut \u00e8rste D\u00f6rper volkslied; en d&#8217;r is ein opname gevonge die op 6 november 1958 is opgenome, ter gelegenheid van de broeleft van Harry Kranen en Lieke Gunter. Veul naefkes en nichtjes van &#8216;t broedspaar zinge ein paar couplette. Auch weite wae d\u00e8t ierder d\u00e8t jaor de kinger die in de klas van Sief Frencken zoote, nao zaal Aerdts kwaame, woe minse van de KRO Radio waare die ein opname makde, wie de kinger ut lied ginge zinge. Of dit oe\u00ebts is oetgezonde weite wae neet. In ut omroeparchief is d&#8217;r niks euver truuk te vinge.<\/p>\n<audio class=\"wp-audio-shortcode\" id=\"audio-74-1\" preload=\"none\" style=\"width: 100%;\" controls=\"controls\"><source type=\"audio\/mpeg\" src=\"https:\/\/helje.online\/wp-content\/uploads\/2024\/02\/Opname-Heldje-uit-1958.mp3?_=1\" \/><a href=\"https:\/\/helje.online\/wp-content\/uploads\/2024\/02\/Opname-Heldje-uit-1958.mp3\">https:\/\/helje.online\/wp-content\/uploads\/2024\/02\/Opname-Heldje-uit-1958.mp3<\/a><\/audio>\n<p>Bej de oetvaart van Marianne Janssen-Frencken, de innigste dochter van tekstsjriever Sief Frencken, is d\u00e8t lied veur einmalig gebroek in de k\u00e8rk opgenome. Soliste Sandra Korsten (van Kaate) zong drej van de vief couplette en ettelike kier ut refrein. Zoe\u00eb klonk op 17 november 2023 in de Sint Lambertusk\u00e8rk van Helje-D\u00f6rp opnej ut \u00e8rste D\u00f6rper volkslied.<\/p>\n","protected":false},"excerpt":{"rendered":"<p>As me in D\u00f6rp \u00f3vver ut volkslied sjprikt, kumpt me al d\u00f6k oet bej \u2018Sjoe\u00ebn Helje D\u00f6rp\u2019 van De Bretelboys. Iddere echte D\u00f6rper k\u00e8nt d\u00e8t liedje, m\u00e8r auch wiet boete Helje is d\u00e8t nummer bek\u00e8nd. Eigenlik is ut un parodie op \u2018Mooi Volendam\u2019 oet 1981. Ut volkslied \u2018Heldje oos d\u00f6rp\u2019 woort in 1947 gesjreve dor [&hellip;]<\/p>\n","protected":false},"author":1,"featured_media":113,"parent":0,"menu_order":0,"comment_status":"closed","ping_status":"closed","template":"","meta":{"footnotes":""},"class_list":["post-74","page","type-page","status-publish","has-post-thumbnail","hentry"],"yoast_head":"<!-- This site is optimized with the Yoast SEO plugin v27.4 - https:\/\/yoast.com\/product\/yoast-seo-wordpress\/ -->\n<title>&#039;t \u00c8rste volksleed - Helje oos d\u00f6rp<\/title>\n<meta name=\"description\" content=\"Ut \u00e8rste volkslied\" \/>\n<meta name=\"robots\" content=\"index, follow, max-snippet:-1, max-image-preview:large, max-video-preview:-1\" \/>\n<link rel=\"canonical\" href=\"https:\/\/helje.online\/index.php\/het-eerste-volkslied\/\" \/>\n<meta property=\"og:locale\" content=\"nl_NL\" \/>\n<meta property=\"og:type\" content=\"article\" \/>\n<meta property=\"og:title\" content=\"&#039;t \u00c8rste volksleed - Helje oos d\u00f6rp\" \/>\n<meta property=\"og:description\" content=\"Ut \u00e8rste volkslied\" \/>\n<meta property=\"og:url\" content=\"https:\/\/helje.online\/index.php\/het-eerste-volkslied\/\" \/>\n<meta property=\"og:site_name\" content=\"Helje oos d\u00f6rp\" \/>\n<meta property=\"article:modified_time\" content=\"2024-02-18T18:16:18+00:00\" \/>\n<meta property=\"og:image\" content=\"https:\/\/helje.online\/wp-content\/uploads\/2023\/12\/Heldje-W-Kranen.jpg\" \/>\n\t<meta property=\"og:image:width\" content=\"1200\" \/>\n\t<meta property=\"og:image:height\" content=\"500\" \/>\n\t<meta property=\"og:image:type\" content=\"image\/jpeg\" \/>\n<meta name=\"twitter:card\" content=\"summary_large_image\" \/>\n<meta name=\"twitter:label1\" content=\"Geschatte leestijd\" \/>\n\t<meta name=\"twitter:data1\" content=\"4 minuten\" \/>\n<script type=\"application\/ld+json\" class=\"yoast-schema-graph\">{\"@context\":\"https:\\\/\\\/schema.org\",\"@graph\":[{\"@type\":\"WebPage\",\"@id\":\"https:\\\/\\\/helje.online\\\/index.php\\\/het-eerste-volkslied\\\/\",\"url\":\"https:\\\/\\\/helje.online\\\/index.php\\\/het-eerste-volkslied\\\/\",\"name\":\"'t \u00c8rste volksleed - Helje oos d\u00f6rp\",\"isPartOf\":{\"@id\":\"https:\\\/\\\/helje.online\\\/#website\"},\"primaryImageOfPage\":{\"@id\":\"https:\\\/\\\/helje.online\\\/index.php\\\/het-eerste-volkslied\\\/#primaryimage\"},\"image\":{\"@id\":\"https:\\\/\\\/helje.online\\\/index.php\\\/het-eerste-volkslied\\\/#primaryimage\"},\"thumbnailUrl\":\"https:\\\/\\\/helje.online\\\/wp-content\\\/uploads\\\/2023\\\/12\\\/Heldje-W-Kranen.jpg\",\"datePublished\":\"2023-12-27T04:54:12+00:00\",\"dateModified\":\"2024-02-18T18:16:18+00:00\",\"description\":\"Ut \u00e8rste volkslied\",\"breadcrumb\":{\"@id\":\"https:\\\/\\\/helje.online\\\/index.php\\\/het-eerste-volkslied\\\/#breadcrumb\"},\"inLanguage\":\"nl-NL\",\"potentialAction\":[{\"@type\":\"ReadAction\",\"target\":[\"https:\\\/\\\/helje.online\\\/index.php\\\/het-eerste-volkslied\\\/\"]}]},{\"@type\":\"ImageObject\",\"inLanguage\":\"nl-NL\",\"@id\":\"https:\\\/\\\/helje.online\\\/index.php\\\/het-eerste-volkslied\\\/#primaryimage\",\"url\":\"https:\\\/\\\/helje.online\\\/wp-content\\\/uploads\\\/2023\\\/12\\\/Heldje-W-Kranen.jpg\",\"contentUrl\":\"https:\\\/\\\/helje.online\\\/wp-content\\\/uploads\\\/2023\\\/12\\\/Heldje-W-Kranen.jpg\",\"width\":1200,\"height\":500},{\"@type\":\"BreadcrumbList\",\"@id\":\"https:\\\/\\\/helje.online\\\/index.php\\\/het-eerste-volkslied\\\/#breadcrumb\",\"itemListElement\":[{\"@type\":\"ListItem\",\"position\":1,\"name\":\"Home\",\"item\":\"https:\\\/\\\/helje.online\\\/\"},{\"@type\":\"ListItem\",\"position\":2,\"name\":\"&#8217;t \u00c8rste volksleed\"}]},{\"@type\":\"WebSite\",\"@id\":\"https:\\\/\\\/helje.online\\\/#website\",\"url\":\"https:\\\/\\\/helje.online\\\/\",\"name\":\"Helje oos d\u00f6rp\",\"description\":\"Idderein kan &#039;t dao bevalle\",\"potentialAction\":[{\"@type\":\"SearchAction\",\"target\":{\"@type\":\"EntryPoint\",\"urlTemplate\":\"https:\\\/\\\/helje.online\\\/?s={search_term_string}\"},\"query-input\":{\"@type\":\"PropertyValueSpecification\",\"valueRequired\":true,\"valueName\":\"search_term_string\"}}],\"inLanguage\":\"nl-NL\"}]}<\/script>\n<!-- \/ Yoast SEO plugin. -->","yoast_head_json":{"title":"'t \u00c8rste volksleed - Helje oos d\u00f6rp","description":"Ut \u00e8rste volkslied","robots":{"index":"index","follow":"follow","max-snippet":"max-snippet:-1","max-image-preview":"max-image-preview:large","max-video-preview":"max-video-preview:-1"},"canonical":"https:\/\/helje.online\/index.php\/het-eerste-volkslied\/","og_locale":"nl_NL","og_type":"article","og_title":"'t \u00c8rste volksleed - Helje oos d\u00f6rp","og_description":"Ut \u00e8rste volkslied","og_url":"https:\/\/helje.online\/index.php\/het-eerste-volkslied\/","og_site_name":"Helje oos d\u00f6rp","article_modified_time":"2024-02-18T18:16:18+00:00","og_image":[{"width":1200,"height":500,"url":"https:\/\/helje.online\/wp-content\/uploads\/2023\/12\/Heldje-W-Kranen.jpg","type":"image\/jpeg"}],"twitter_card":"summary_large_image","twitter_misc":{"Geschatte leestijd":"4 minuten"},"schema":{"@context":"https:\/\/schema.org","@graph":[{"@type":"WebPage","@id":"https:\/\/helje.online\/index.php\/het-eerste-volkslied\/","url":"https:\/\/helje.online\/index.php\/het-eerste-volkslied\/","name":"'t \u00c8rste volksleed - Helje oos d\u00f6rp","isPartOf":{"@id":"https:\/\/helje.online\/#website"},"primaryImageOfPage":{"@id":"https:\/\/helje.online\/index.php\/het-eerste-volkslied\/#primaryimage"},"image":{"@id":"https:\/\/helje.online\/index.php\/het-eerste-volkslied\/#primaryimage"},"thumbnailUrl":"https:\/\/helje.online\/wp-content\/uploads\/2023\/12\/Heldje-W-Kranen.jpg","datePublished":"2023-12-27T04:54:12+00:00","dateModified":"2024-02-18T18:16:18+00:00","description":"Ut \u00e8rste volkslied","breadcrumb":{"@id":"https:\/\/helje.online\/index.php\/het-eerste-volkslied\/#breadcrumb"},"inLanguage":"nl-NL","potentialAction":[{"@type":"ReadAction","target":["https:\/\/helje.online\/index.php\/het-eerste-volkslied\/"]}]},{"@type":"ImageObject","inLanguage":"nl-NL","@id":"https:\/\/helje.online\/index.php\/het-eerste-volkslied\/#primaryimage","url":"https:\/\/helje.online\/wp-content\/uploads\/2023\/12\/Heldje-W-Kranen.jpg","contentUrl":"https:\/\/helje.online\/wp-content\/uploads\/2023\/12\/Heldje-W-Kranen.jpg","width":1200,"height":500},{"@type":"BreadcrumbList","@id":"https:\/\/helje.online\/index.php\/het-eerste-volkslied\/#breadcrumb","itemListElement":[{"@type":"ListItem","position":1,"name":"Home","item":"https:\/\/helje.online\/"},{"@type":"ListItem","position":2,"name":"&#8217;t \u00c8rste volksleed"}]},{"@type":"WebSite","@id":"https:\/\/helje.online\/#website","url":"https:\/\/helje.online\/","name":"Helje oos d\u00f6rp","description":"Idderein kan &#039;t dao bevalle","potentialAction":[{"@type":"SearchAction","target":{"@type":"EntryPoint","urlTemplate":"https:\/\/helje.online\/?s={search_term_string}"},"query-input":{"@type":"PropertyValueSpecification","valueRequired":true,"valueName":"search_term_string"}}],"inLanguage":"nl-NL"}]}},"_links":{"self":[{"href":"https:\/\/helje.online\/index.php\/wp-json\/wp\/v2\/pages\/74","targetHints":{"allow":["GET"]}}],"collection":[{"href":"https:\/\/helje.online\/index.php\/wp-json\/wp\/v2\/pages"}],"about":[{"href":"https:\/\/helje.online\/index.php\/wp-json\/wp\/v2\/types\/page"}],"author":[{"embeddable":true,"href":"https:\/\/helje.online\/index.php\/wp-json\/wp\/v2\/users\/1"}],"replies":[{"embeddable":true,"href":"https:\/\/helje.online\/index.php\/wp-json\/wp\/v2\/comments?post=74"}],"version-history":[{"count":12,"href":"https:\/\/helje.online\/index.php\/wp-json\/wp\/v2\/pages\/74\/revisions"}],"predecessor-version":[{"id":683,"href":"https:\/\/helje.online\/index.php\/wp-json\/wp\/v2\/pages\/74\/revisions\/683"}],"wp:featuredmedia":[{"embeddable":true,"href":"https:\/\/helje.online\/index.php\/wp-json\/wp\/v2\/media\/113"}],"wp:attachment":[{"href":"https:\/\/helje.online\/index.php\/wp-json\/wp\/v2\/media?parent=74"}],"curies":[{"name":"wp","href":"https:\/\/api.w.org\/{rel}","templated":true}]}}